{"id":2002,"date":"2023-05-09T09:19:48","date_gmt":"2023-05-09T08:19:48","guid":{"rendered":"https:\/\/www.reimpact-re.com\/produkcija\/"},"modified":"2023-05-09T09:19:48","modified_gmt":"2023-05-09T08:19:48","slug":"produkcija","status":"publish","type":"page","link":"https:\/\/www.reimpact-re.com\/sl\/produkcija\/","title":{"rendered":"Produkcija"},"content":{"rendered":"<section class=\"wpb-content-wrapper\"><p>[vc_row full_width=&#8221;stretch_row_content_no_spaces&#8221; el_class=&#8221;sp-page-title&#8221;][vc_column]\t\t\n\t\t\t\t<div class=\"container-for-crumbs\">\n\t\t\t\t<div class=\"breadcrumbs-container\">\n\t\t\t\t\t\t<div class=\"breadcrumbs\">\n\t\t\t\t\t\t\t\n\t<ul class=\"ns-breadcrumbs\">\n\t\t\t<li><a href=\"https:\/\/www.reimpact-re.com\/sl\/\">Domov<\/a><\/li>\n\t\t\t\t<li>Produkcija<\/li>\n\t<\/ul>\n\t\n\t\t\t\t\t\t\t\t<div class=\"clearfix\"><\/div>\n\t\t\t\t\t\t<\/div>\n\t\t\t\t<\/div>\n\t\t\t\t\t\t<\/div>\n\n\t\t[\/vc_column][\/vc_row][vc_row][vc_column][vc_column_text]<\/p>\n<h2>Izdelava in oblikovanje spletne strani<\/h2>\n<p>Pri postavitvi spletne strani je\u00a0<strong>digitalna agencija\u00a0<span style=\"color: #f56702;\">novi<\/span>Splet\u00a0<\/strong>poskrbela za:<\/p>\n<ul>\n<li>na\u010drtovanje uporabni\u0161ke izku\u0161nje,<\/li>\n<li>spletno oblikovanje,<\/li>\n<li>tehni\u010dno izvedbo,<\/li>\n<li>izvedbo celotnega projekta.<\/li>\n<\/ul>\n<p><a href=\"https:\/\/www.novisplet.com\/izdelava-spletnih-strani\" target=\"_blank\" rel=\"noopener\">Izdelava spletnih strani<\/a>\u00a0je\u00a0glavna\u00a0dejavnost digitalne agencije noviSplet, ki s celovitimi spletnimi re\u0161itvami podjetjem na spletu pove\u010duje prodajo in ugled.<\/p>\n<p>Ve\u010d na\u00a0<strong><a href=\"https:\/\/www.novisplet.com\/\" target=\"_blank\" rel=\"noopener\">www.novisplet.com<\/a><\/strong><\/p>\n<h2>Vsebina spletne strani<\/h2>\n<p>Besedila in slikovno gradivo na spletni strani so pripravili v podjetju <strong>IC Lepov\u010de<\/strong>[\/vc_column_text][\/vc_column][\/vc_row][vc_row][vc_column][vc_empty_space][\/vc_column][\/vc_row]<\/p>\n<\/section>","protected":false},"excerpt":{"rendered":"<p>[vc_row full_width=&#8221;stretch_row_content_no_spaces&#8221; el_class=&#8221;sp-page-title&#8221;][vc_column][\/vc_column][\/vc_row][vc_row][vc_column][vc_column_text] Izdelava in oblikovanje spletne strani Pri postavitvi spletne strani je\u00a0digitalna agencija\u00a0noviSplet\u00a0poskrbela za: na\u010drtovanje uporabni\u0161ke izku\u0161nje, spletno oblikovanje, tehni\u010dno izvedbo, izvedbo celotnega projekta. Izdelava spletnih strani\u00a0je\u00a0glavna\u00a0dejavnost digitalne agencije noviSplet, ki s celovitimi spletnimi re\u0161itvami podjetjem na spletu pove\u010duje prodajo in ugled. Ve\u010d na\u00a0www.novisplet.com Vsebina spletne strani Besedila in slikovno gradivo na spletni strani [&hellip;]<\/p>\n","protected":false},"author":1,"featured_media":0,"parent":0,"menu_order":6,"comment_status":"closed","ping_status":"closed","template":"","meta":{"footnotes":""},"class_list":["post-2002","page","type-page","status-publish","hentry"],"_links":{"self":[{"href":"https:\/\/www.reimpact-re.com\/sl\/wp-json\/wp\/v2\/pages\/2002","targetHints":{"allow":["GET"]}}],"collection":[{"href":"https:\/\/www.reimpact-re.com\/sl\/wp-json\/wp\/v2\/pages"}],"about":[{"href":"https:\/\/www.reimpact-re.com\/sl\/wp-json\/wp\/v2\/types\/page"}],"author":[{"embeddable":true,"href":"https:\/\/www.reimpact-re.com\/sl\/wp-json\/wp\/v2\/users\/1"}],"replies":[{"embeddable":true,"href":"https:\/\/www.reimpact-re.com\/sl\/wp-json\/wp\/v2\/comments?post=2002"}],"version-history":[{"count":0,"href":"https:\/\/www.reimpact-re.com\/sl\/wp-json\/wp\/v2\/pages\/2002\/revisions"}],"wp:attachment":[{"href":"https:\/\/www.reimpact-re.com\/sl\/wp-json\/wp\/v2\/media?parent=2002"}],"curies":[{"name":"wp","href":"https:\/\/api.w.org\/{rel}","templated":true}]}}