{"id":1987,"date":"2023-10-16T08:51:17","date_gmt":"2023-10-16T06:51:17","guid":{"rendered":"https:\/\/www.reimpact-re.com\/contact\/"},"modified":"2023-11-15T15:40:47","modified_gmt":"2023-11-15T14:40:47","slug":"kontakt","status":"publish","type":"page","link":"https:\/\/www.reimpact-re.com\/sl\/kontakt\/","title":{"rendered":"Kontakt"},"content":{"rendered":"<section class=\"wpb-content-wrapper\"><p>[vc_row full_width=&#8221;stretch_row&#8221; el_class=&#8221;sp-page-title&#8221;][vc_column]\t\t\n\t\t\t\t<div class=\"container-for-crumbs\">\n\t\t\t\t<div class=\"breadcrumbs-container\">\n\t\t\t\t\t\t<div class=\"breadcrumbs\">\n\t\t\t\t\t\t\t\n\t<ul class=\"ns-breadcrumbs\">\n\t\t\t<li><a href=\"https:\/\/www.reimpact-re.com\/sl\/\">Domov<\/a><\/li>\n\t\t\t\t<li>Kontakt<\/li>\n\t<\/ul>\n\t\n\t\t\t\t\t\t\t\t<div class=\"clearfix\"><\/div>\n\t\t\t\t\t\t<\/div>\n\t\t\t\t<\/div>\n\t\t\t\t\t\t<\/div>\n\n\t\t[\/vc_column][\/vc_row][vc_row el_class=&#8221;sp-intro&#8221;][vc_column]\t\t\n\t\t<div class=\"title-banner\" style=\"background-image: url();\">\n\t\t\t<div class=\"container\">\n\t\t\t\t<h1 class=\"entry-title\">Kontakt<\/h1>\n\n\t\t\t\t\t\t\t<\/div>\n\t\t<\/div>\n\n\t\t[\/vc_column][\/vc_row][vc_row el_class=&#8221;sp-kontakt-sec-1&#8243;][vc_column width=&#8221;5\/12&#8243; el_class=&#8221;col-left&#8221;]\t\t\r\n\t\t<p class=\"info \"><b>REIMPACT Re d.o.o.<\/b><br>\r\nHra\u0161\u010de 119 <br>\r\n6230 Postojna, Slovenija<\/p>\r\n\r\n\t\t\r\n\t\t<div class=\"wpb_raw_code wpb_content_element wpb_raw_html  \">\r\n      <div class=\"wpb_wrapper\">\r\n        \t\r\n              <a href=\"tel:+386 51 392 391\">\r\n                      <svg xmlns=\"http:\/\/www.w3.org\/2000\/svg\" width=\"18\" height=\"18\" viewBox=\"0 0 18 18\"><path id=\"Icon_awesome-phone-alt\" data-name=\"Icon awesome-phone-alt\" d=\"M17.487,12.72l-3.938-1.688a.844.844,0,0,0-.984.243l-1.744,2.13A13.031,13.031,0,0,1,4.591,7.176l2.13-1.744a.842.842,0,0,0,.243-.984L5.277.51A.849.849,0,0,0,4.31.022L.654.865A.844.844,0,0,0,0,1.688,16.311,16.311,0,0,0,16.313,18a.844.844,0,0,0,.823-.654l.844-3.656a.854.854,0,0,0-.493-.97Z\" transform=\"translate(0 0)\" fill=\"#00b333\"\/><\/svg> \r\n                      <span>\r\n                            <span class='hide-mobile'><\/span><span class='inner-contents'>051 392 391<\/span>\r\n              \r\n                      <\/span>\r\n                <\/a>\r\n              <\/div>\r\n    <\/div>\r\n\r\n\t\t\t\t\r\n\t\t<div class=\"wpb_raw_code wpb_content_element wpb_raw_html  \">\r\n      <div class=\"wpb_wrapper\">\r\n             <a href=\"ma&#105;&#x6c;&#x74;o:i&#110;&#x66;&#x6f;&#64;re&#105;&#x6d;&#x70;ac&#116;&#x2d;&#x72;&#x65;.c&#111;&#x6d;\">\r\n                    <svg xmlns=\"http:\/\/www.w3.org\/2000\/svg\" width=\"18\" height=\"14.4\" viewBox=\"0 0 18 14.4\"><path id=\"Icon_material-email\" data-name=\"Icon material-email\" d=\"M19.2,6H4.8A1.8,1.8,0,0,0,3.009,7.8L3,18.6a1.805,1.805,0,0,0,1.8,1.8H19.2A1.805,1.805,0,0,0,21,18.6V7.8A1.805,1.805,0,0,0,19.2,6Zm0,3.6L12,14.1,4.8,9.6V7.8L12,12.3l7.2-4.5Z\" transform=\"translate(-3 -6)\" fill=\"#00b333\"\/><\/svg> \r\n                    <span>\r\n                          <span class='hide-mobile'><\/span><span class='inner-contents'>&#105;&#x6e;&#102;&#x6f;&#64;&#x72;&#101;&#x69;&#109;&#x70;&#97;&#x63;&#116;&#x2d;&#114;&#x65;&#46;&#x63;&#111;&#x6d;<\/span>\r\n            \r\n                    <\/span>\r\n            <\/a>\r\n      <\/div>\r\n    <\/div>\r\n\r\n\t\t    \r\n    <div class=\"wpb_raw_code wpb_content_element wpb_raw_html  \">\r\n      <div class=\"wpb_wrapper\">\r\n                       <a href=\"https:\/\/si.linkedin.com\/in\/sinisa-lovrincevic-msc-46202820\" target=\"_blank\">\r\n            <svg xmlns=\"http:\/\/www.w3.org\/2000\/svg\" width=\"18\" height=\"17.998\" viewBox=\"0 0 18 17.998\">\n  <path id=\"icon-linkdin\" d=\"M16.714,2.25H1.282A1.291,1.291,0,0,0,0,3.548v15.4a1.291,1.291,0,0,0,1.282,1.3H16.714A1.3,1.3,0,0,0,18,18.952V3.548a1.3,1.3,0,0,0-1.286-1.3ZM5.44,17.679H2.772V9.088H5.444v8.59ZM4.106,7.915A1.547,1.547,0,1,1,5.653,6.368,1.547,1.547,0,0,1,4.106,7.915ZM15.44,17.678H12.773V13.5c0-1-.02-2.278-1.386-2.278-1.39,0-1.6,1.085-1.6,2.206v4.251H7.116V9.088H9.675v1.173h.036a2.81,2.81,0,0,1,2.527-1.386c2.7,0,3.2,1.78,3.2,4.094Z\" transform=\"translate(0 -2.25)\" fill=\"#00b333\"\/>\n<\/svg>\n                            <span>\r\n                      REIMPACT Re                <\/span>\r\n                      <\/a>\r\n                <\/div>\r\n    <\/div>\r\n\r\n        \r\n    <div class=\"wpb_raw_code wpb_content_element wpb_raw_html  \">\r\n      <div class=\"wpb_wrapper\">\r\n               <a href=\"https:\/\/www.reimpact-re.com\/\">\r\n            <svg xmlns=\"http:\/\/www.w3.org\/2000\/svg\" width=\"18.499\" height=\"18.498\" viewBox=\"0 0 18.499 18.498\">\n  <path id=\"icon-web\" d=\"M-7245.475-495.227a9.241,9.241,0,0,1-2.94-1.982,9.228,9.228,0,0,1-1.982-2.941,9.2,9.2,0,0,1-.729-3.6,9.211,9.211,0,0,1,.729-3.6,9.228,9.228,0,0,1,1.982-2.941,9.251,9.251,0,0,1,2.94-1.982,9.194,9.194,0,0,1,3.6-.726,9.186,9.186,0,0,1,3.6.726,9.255,9.255,0,0,1,2.94,1.982,9.234,9.234,0,0,1,1.979,2.941,9.146,9.146,0,0,1,.729,3.6,9.138,9.138,0,0,1-.728,3.6,9.225,9.225,0,0,1-1.979,2.941,9.279,9.279,0,0,1-2.941,1.982,9.182,9.182,0,0,1-3.6.726,9.191,9.191,0,0,1-3.6-.726Zm6.035-1.84a7.157,7.157,0,0,0,4.6-5.616h-2.753a13.652,13.652,0,0,1-1.846,5.616Zm-4.868,0a13.613,13.613,0,0,1-1.845-5.616h-2.755a7.158,7.158,0,0,0,4.6,5.616Zm2.435-.186a11.425,11.425,0,0,0,2.128-5.43H-7244a11.4,11.4,0,0,0,2.126,5.43Zm4.278-7.567h2.753a7.161,7.161,0,0,0-4.6-5.614,13.664,13.664,0,0,1,1.842,5.614Zm-6.409,0h4.26a11.42,11.42,0,0,0-2.129-5.428A11.412,11.412,0,0,0-7244-504.82Zm-4.9,0h2.755a13.644,13.644,0,0,1,1.845-5.616,7.163,7.163,0,0,0-4.6,5.616Z\" transform=\"translate(7251.125 512.999)\" fill=\"#00b333\"\/>\n<\/svg>\n                            <span>\r\n                      www.reimpact-re.com                <\/span>\r\n                      <\/a>\r\n                        <\/div>\r\n    <\/div>\r\n\r\n    [vc_column_text]<strong>Delovni \u010das:<\/strong><br \/>\nOd ponedeljka do petka, od 8.30 do 17.30h[\/vc_column_text][vc_empty_space height=&#8221;10px&#8221;][vc_empty_space height=&#8221;30px&#8221;][\/vc_column][vc_column width=&#8221;7\/12&#8243; el_class=&#8221;col-right&#8221;]\n<div class=\"wpcf7 no-js\" id=\"wpcf7-f2049-o1\" lang=\"sl-SI\" dir=\"ltr\">\n<div class=\"screen-reader-response\"><p role=\"status\" aria-live=\"polite\" aria-atomic=\"true\"><\/p> <ul><\/ul><\/div>\n<form action=\"\/sl\/wp-json\/wp\/v2\/pages\/1987#wpcf7-f2049-o1\" method=\"post\" class=\"wpcf7-form init\" aria-label=\"Contact form\" novalidate=\"novalidate\" data-status=\"init\">\n<div style=\"display: none;\">\n<input type=\"hidden\" name=\"_wpcf7\" value=\"2049\" \/>\n<input type=\"hidden\" name=\"_wpcf7_version\" value=\"5.7.3\" \/>\n<input type=\"hidden\" name=\"_wpcf7_locale\" value=\"sl_SI\" \/>\n<input type=\"hidden\" name=\"_wpcf7_unit_tag\" value=\"wpcf7-f2049-o1\" \/>\n<input type=\"hidden\" name=\"_wpcf7_container_post\" value=\"0\" \/>\n<input type=\"hidden\" name=\"_wpcf7_posted_data_hash\" value=\"\" \/>\n<input type=\"hidden\" name=\"_wpcf7_recaptcha_response\" value=\"\" \/>\n<\/div>\n<h3>Po\u0161ljite povpra\u0161evanje\n<\/h3>\n<p>Po\u0161ljite povpra\u0161evanje in odgovorili vam bomo v najkraj\u0161em mo\u017enem \u010dasu.\n<\/p>\n<div class=\"kont-povpr-izd-title\">\n\t<div>\n\t\t<p><b>Povpra\u0161evanje za podro\u010dje:<\/b>\n\t\t<\/p>\n\t<\/div>\n\t<p><span class=\"wpcf7-form-control-wrap\" data-name=\"prod\"><input size=\"40\" class=\"wpcf7-form-control wpcf7-text\" readonly=\"readonly\" aria-invalid=\"false\" value=\"\" type=\"text\" name=\"prod\" \/><\/span>\n\t<\/p>\n<\/div>\n<p class=\"p-input\"><span class=\"wpcf7-form-control-wrap\" data-name=\"your-name\"><input size=\"40\" class=\"wpcf7-form-control wpcf7-text wpcf7-validates-as-required\" aria-required=\"true\" aria-invalid=\"false\" placeholder=\"Ime in priimek *\" value=\"\" type=\"text\" name=\"your-name\" \/><\/span>\n<\/p>\n<p class=\"p-input\"><span class=\"wpcf7-form-control-wrap\" data-name=\"your-email\"><input size=\"40\" class=\"wpcf7-form-control wpcf7-text wpcf7-email wpcf7-validates-as-required wpcf7-validates-as-email\" aria-required=\"true\" aria-invalid=\"false\" placeholder=\"E-mail *\" value=\"\" type=\"email\" name=\"your-email\" \/><\/span>\n<\/p>\n<p class=\"p-input\"><span class=\"wpcf7-form-control-wrap\" data-name=\"your-tel\"><input size=\"40\" class=\"wpcf7-form-control wpcf7-text wpcf7-validates-as-required\" aria-required=\"true\" aria-invalid=\"false\" placeholder=\"Telefon *\" value=\"\" type=\"text\" name=\"your-tel\" \/><\/span>\n<\/p>\n<p class=\"p-input\"><span class=\"wpcf7-form-control-wrap\" data-name=\"your-message\"><textarea cols=\"40\" rows=\"10\" class=\"wpcf7-form-control wpcf7-textarea\" aria-invalid=\"false\" placeholder=\"Va\u0161e sporo\u010dilo...\" name=\"your-message\"><\/textarea><\/span>\n<\/p>\n<p class=\"small-text\">Polja, ozna\u010dena z *, so obvezna!\n<\/p>\n<p class=\"small-text\"><span class=\"wpcf7-form-control-wrap\" data-name=\"your-gdpr\"><span class=\"wpcf7-form-control wpcf7-checkbox wpcf7-validates-as-required\"><span class=\"wpcf7-list-item first last\"><input type=\"checkbox\" name=\"your-gdpr[]\" value=\"*\" tabindex=\"\" \/><span class=\"wpcf7-list-item-label\">*<\/span><\/span><\/span><\/span> Strinjam se, da dru\u017eba REIMPACT Re hrani osebne podatke iz obrazca za interno uporabo in komunikacijo z mano za namene predlo\u017eenega zahtevka. Uporabnik lahko zahteva izbris osebnih podatkov po elektronski po\u0161ti <a href=\"mailto: i&#x6e;&#x66;o&#64;&#x72;ei&#x6d;&#x70;a&#99;&#x74;-r&#x65;&#x2e;c&#111;&#x6d;\"> &#105;&#x6e;&#102;&#x6f;&#64;&#x72;&#101;&#x69;&#109;&#x70;&#97;&#x63;&#116;&#x2d;&#114;&#x65;&#46;&#x63;&#111;&#x6d; <\/a>.\n<\/p>\n<p><input class=\"wpcf7-form-control has-spinner wpcf7-submit\" type=\"submit\" value=\"Po\u0161lji\" \/>\n<\/p><div class=\"wpcf7-response-output\" aria-hidden=\"true\"><\/div>\n<\/form>\n<\/div>\n[\/vc_column][\/vc_row][vc_row][vc_column][vc_empty_space][\/vc_column][\/vc_row]<\/p>\n<\/section>","protected":false},"excerpt":{"rendered":"<p>[vc_row full_width=&#8221;stretch_row&#8221; el_class=&#8221;sp-page-title&#8221;][vc_column][\/vc_column][\/vc_row][vc_row el_class=&#8221;sp-intro&#8221;][vc_column][\/vc_column][\/vc_row][vc_row el_class=&#8221;sp-kontakt-sec-1&#8243;][vc_column width=&#8221;5\/12&#8243; el_class=&#8221;col-left&#8221;][vc_column_text]Delovni \u010das: Od ponedeljka do petka, od 8.30 do 17.30h[\/vc_column_text][vc_empty_space height=&#8221;10px&#8221;][vc_empty_space height=&#8221;30px&#8221;][\/vc_column][vc_column width=&#8221;7\/12&#8243; el_class=&#8221;col-right&#8221;][\/vc_column][\/vc_row][vc_row][vc_column][vc_empty_space][\/vc_column][\/vc_row]<\/p>\n","protected":false},"author":1,"featured_media":0,"parent":0,"menu_order":6,"comment_status":"closed","ping_status":"closed","template":"","meta":{"footnotes":""},"class_list":["post-1987","page","type-page","status-publish","hentry"],"_links":{"self":[{"href":"https:\/\/www.reimpact-re.com\/sl\/wp-json\/wp\/v2\/pages\/1987","targetHints":{"allow":["GET"]}}],"collection":[{"href":"https:\/\/www.reimpact-re.com\/sl\/wp-json\/wp\/v2\/pages"}],"about":[{"href":"https:\/\/www.reimpact-re.com\/sl\/wp-json\/wp\/v2\/types\/page"}],"author":[{"embeddable":true,"href":"https:\/\/www.reimpact-re.com\/sl\/wp-json\/wp\/v2\/users\/1"}],"replies":[{"embeddable":true,"href":"https:\/\/www.reimpact-re.com\/sl\/wp-json\/wp\/v2\/comments?post=1987"}],"version-history":[{"count":0,"href":"https:\/\/www.reimpact-re.com\/sl\/wp-json\/wp\/v2\/pages\/1987\/revisions"}],"wp:attachment":[{"href":"https:\/\/www.reimpact-re.com\/sl\/wp-json\/wp\/v2\/media?parent=1987"}],"curies":[{"name":"wp","href":"https:\/\/api.w.org\/{rel}","templated":true}]}}