{"id":1985,"date":"2023-10-16T09:06:16","date_gmt":"2023-10-16T07:06:16","guid":{"rendered":"https:\/\/www.reimpact-re.com\/insurance-broker\/"},"modified":"2023-11-24T14:05:06","modified_gmt":"2023-11-24T13:05:06","slug":"zavarovalno-posredovanje","status":"publish","type":"page","link":"https:\/\/www.reimpact-re.com\/sl\/zavarovalno-posredovanje\/","title":{"rendered":"Zavarovalno posredovanje"},"content":{"rendered":"<section class=\"wpb-content-wrapper\"><p>[vc_row full_width=&#8221;stretch_row&#8221; el_class=&#8221;sp-page-title&#8221;][vc_column]\t\t\n\t\t\t\t<div class=\"container-for-crumbs\">\n\t\t\t\t<div class=\"breadcrumbs-container\">\n\t\t\t\t\t\t<div class=\"breadcrumbs\">\n\t\t\t\t\t\t\t\n\t<ul class=\"ns-breadcrumbs\">\n\t\t\t<li><a href=\"https:\/\/www.reimpact-re.com\/sl\/\">Domov<\/a><\/li>\n\t\t\t\t<li>Zavarovalno posredovanje<\/li>\n\t<\/ul>\n\t\n\t\t\t\t\t\t\t\t<div class=\"clearfix\"><\/div>\n\t\t\t\t\t\t<\/div>\n\t\t\t\t<\/div>\n\t\t\t\t\t\t<\/div>\n\n\t\t[\/vc_column][\/vc_row][vc_row el_class=&#8221;sp-intro&#8221;][vc_column]\t\t\n\t\t<div class=\"title-banner\" style=\"background-image: url();\">\n\t\t\t<div class=\"container\">\n\t\t\t\t<h1 class=\"entry-title\">Zavarovalno posredovanje<\/h1>\n\n\t\t\t\t\t\t\t<\/div>\n\t\t<\/div>\n\n\t\t[\/vc_column][\/vc_row][vc_row el_class=&#8221;sp-sidemenu-row&#8221;][vc_column width=&#8221;2\/3&#8243;][vc_column_text]S prilagojenimi storitvami <strong>na\u0161im strankam<\/strong> zagotavljamo pregledno\u00a0in u\u010dinkovito sodelovanje, celovito komunikacijo ter ustrezen postopek analize tveganj s kvalitetnimi predlogi zavarovalnih produktov in kritij.<\/p>\n<p>Na\u0161 glavni cilj je zagotoviti pravilno prepoznavanje, merjenje, ocenjevanje in zavarovalne na\u010dine zmanj\u0161evanja tveganj. Zahteve in potrebe na\u0161ih poslovnih strank pokrivamo s \u0161irokim naborom zavarovalnih produktov, pri \u010demer ponujamo optimalno ponudbo vrednosti, skrbimo za pravo\u010dasno pla\u010dilo premij in upravljanje z od\u0161kodninskimi zahtevki v celotnem \u017eivljenjskem ciklu zavarovalne police.<\/p>\n<p>Podro\u010dja na\u0161ega osnovnega zavarovalnega posredovanja so:<\/p>\n<ul>\n<li><strong><em>Premo\u017eenje<\/em><\/strong><\/li>\n<li><strong><em>Energetika<\/em><\/strong><\/li>\n<li><strong><em>Naravne nesre\u010de<\/em><\/strong><\/li>\n<li><strong><em>Kibernetika<\/em><\/strong><\/li>\n<li><strong><em>Kmetijstvo<\/em><\/strong><\/li>\n<li><strong><em>Transport<\/em><\/strong><\/li>\n<\/ul>\n<p>[\/vc_column_text][\/vc_column][vc_column width=&#8221;1\/3&#8243;][vc_column_text]<\/p>\n<h4>Kontaktirajte nas:<\/h4>\n<p>[\/vc_column_text]\r\n\t\t<div class=\"wpb_raw_code wpb_content_element wpb_raw_html  \">\r\n      <div class=\"wpb_wrapper\">\r\n        \t\r\n              <a href=\"tel:+386 51 392 391\">\r\n                      <svg xmlns=\"http:\/\/www.w3.org\/2000\/svg\" width=\"18\" height=\"18\" viewBox=\"0 0 18 18\"><path id=\"Icon_awesome-phone-alt\" data-name=\"Icon awesome-phone-alt\" d=\"M17.487,12.72l-3.938-1.688a.844.844,0,0,0-.984.243l-1.744,2.13A13.031,13.031,0,0,1,4.591,7.176l2.13-1.744a.842.842,0,0,0,.243-.984L5.277.51A.849.849,0,0,0,4.31.022L.654.865A.844.844,0,0,0,0,1.688,16.311,16.311,0,0,0,16.313,18a.844.844,0,0,0,.823-.654l.844-3.656a.854.854,0,0,0-.493-.97Z\" transform=\"translate(0 0)\" fill=\"#00b333\"\/><\/svg> \r\n                      <span>\r\n                            <span class='hide-mobile'><\/span><span class='inner-contents'>051 392 391<\/span>\r\n              \r\n                      <\/span>\r\n                <\/a>\r\n              <\/div>\r\n    <\/div>\r\n\r\n\t\t\t\t\r\n\t\t<div class=\"wpb_raw_code wpb_content_element wpb_raw_html  \">\r\n      <div class=\"wpb_wrapper\">\r\n             <a href=\"&#x6d;&#x61;&#x69;&#x6c;&#x74;&#x6f;&#x3a;&#x69;&#110;&#102;&#111;&#64;reimpac&#x74;&#x2d;&#x72;&#x65;&#x2e;&#x63;&#x6f;&#x6d;\">\r\n                    <svg xmlns=\"http:\/\/www.w3.org\/2000\/svg\" width=\"18\" height=\"14.4\" viewBox=\"0 0 18 14.4\"><path id=\"Icon_material-email\" data-name=\"Icon material-email\" d=\"M19.2,6H4.8A1.8,1.8,0,0,0,3.009,7.8L3,18.6a1.805,1.805,0,0,0,1.8,1.8H19.2A1.805,1.805,0,0,0,21,18.6V7.8A1.805,1.805,0,0,0,19.2,6Zm0,3.6L12,14.1,4.8,9.6V7.8L12,12.3l7.2-4.5Z\" transform=\"translate(-3 -6)\" fill=\"#00b333\"\/><\/svg> \r\n                    <span>\r\n                          <span class='hide-mobile'><\/span><span class='inner-contents'>info&#64;reimpact&#45;&#114;&#101;&#46;&#99;&#x6f;&#x6d;<\/span>\r\n            \r\n                    <\/span>\r\n            <\/a>\r\n      <\/div>\r\n    <\/div>\r\n\r\n\t\t\t\r\n\r\n\t  <a class=\"btn  btn-default btn-lg btn0 btn-inquiry\" href=\"https:\/\/www.reimpact-re.com\/sl\/\/kontakt\/?prod=Zavarovalno posredovanje\">Kontaktirajte nas<\/a>\r\n\r\n\t\t[\/vc_column][\/vc_row][vc_row][vc_column][vc_empty_space][\/vc_column][\/vc_row]<\/p>\n<\/section>","protected":false},"excerpt":{"rendered":"<p>[vc_row full_width=&#8221;stretch_row&#8221; el_class=&#8221;sp-page-title&#8221;][vc_column][\/vc_column][\/vc_row][vc_row el_class=&#8221;sp-intro&#8221;][vc_column][\/vc_column][\/vc_row][vc_row el_class=&#8221;sp-sidemenu-row&#8221;][vc_column width=&#8221;2\/3&#8243;][vc_column_text]S prilagojenimi storitvami na\u0161im strankam zagotavljamo pregledno\u00a0in u\u010dinkovito sodelovanje, celovito komunikacijo ter ustrezen postopek analize tveganj s kvalitetnimi predlogi zavarovalnih produktov in kritij. Na\u0161 glavni cilj je zagotoviti pravilno prepoznavanje, merjenje, ocenjevanje in zavarovalne na\u010dine zmanj\u0161evanja tveganj. Zahteve in potrebe na\u0161ih poslovnih strank pokrivamo s \u0161irokim naborom zavarovalnih produktov, pri [&hellip;]<\/p>\n","protected":false},"author":1,"featured_media":0,"parent":0,"menu_order":2,"comment_status":"closed","ping_status":"closed","template":"","meta":{"footnotes":""},"class_list":["post-1985","page","type-page","status-publish","hentry"],"_links":{"self":[{"href":"https:\/\/www.reimpact-re.com\/sl\/wp-json\/wp\/v2\/pages\/1985","targetHints":{"allow":["GET"]}}],"collection":[{"href":"https:\/\/www.reimpact-re.com\/sl\/wp-json\/wp\/v2\/pages"}],"about":[{"href":"https:\/\/www.reimpact-re.com\/sl\/wp-json\/wp\/v2\/types\/page"}],"author":[{"embeddable":true,"href":"https:\/\/www.reimpact-re.com\/sl\/wp-json\/wp\/v2\/users\/1"}],"replies":[{"embeddable":true,"href":"https:\/\/www.reimpact-re.com\/sl\/wp-json\/wp\/v2\/comments?post=1985"}],"version-history":[{"count":0,"href":"https:\/\/www.reimpact-re.com\/sl\/wp-json\/wp\/v2\/pages\/1985\/revisions"}],"wp:attachment":[{"href":"https:\/\/www.reimpact-re.com\/sl\/wp-json\/wp\/v2\/media?parent=1985"}],"curies":[{"name":"wp","href":"https:\/\/api.w.org\/{rel}","templated":true}]}}