{"id":1982,"date":"2023-10-16T10:11:05","date_gmt":"2023-10-16T08:11:05","guid":{"rendered":"https:\/\/www.reimpact-re.com\/consulting\/"},"modified":"2023-11-23T18:03:55","modified_gmt":"2023-11-23T17:03:55","slug":"svetovanje","status":"publish","type":"page","link":"https:\/\/www.reimpact-re.com\/sl\/svetovanje\/","title":{"rendered":"Svetovanje"},"content":{"rendered":"<section class=\"wpb-content-wrapper\"><p>[vc_row full_width=&#8221;stretch_row&#8221; el_class=&#8221;sp-page-title&#8221;][vc_column]\t\t\n\t\t\t\t<div class=\"container-for-crumbs\">\n\t\t\t\t<div class=\"breadcrumbs-container\">\n\t\t\t\t\t\t<div class=\"breadcrumbs\">\n\t\t\t\t\t\t\t\n\t<ul class=\"ns-breadcrumbs\">\n\t\t\t<li><a href=\"https:\/\/www.reimpact-re.com\/sl\/\">Domov<\/a><\/li>\n\t\t\t\t<li>Svetovanje<\/li>\n\t<\/ul>\n\t\n\t\t\t\t\t\t\t\t<div class=\"clearfix\"><\/div>\n\t\t\t\t\t\t<\/div>\n\t\t\t\t<\/div>\n\t\t\t\t\t\t<\/div>\n\n\t\t[\/vc_column][\/vc_row][vc_row el_class=&#8221;sp-intro&#8221;][vc_column]\t\t\n\t\t<div class=\"title-banner\" style=\"background-image: url();\">\n\t\t\t<div class=\"container\">\n\t\t\t\t<h1 class=\"entry-title\">Svetovanje<\/h1>\n\n\t\t\t\t\t\t\t<\/div>\n\t\t<\/div>\n\n\t\t[\/vc_column][\/vc_row][vc_row el_class=&#8221;sp-sidemenu-row&#8221;][vc_column width=&#8221;2\/3&#8243;][vc_column_text]<\/p>\n<h2>Ponudba dodane vrednosti za svetovanje<\/h2>\n<p>Kazalnik na\u0161ih storitev z dodano vrednostjo ka\u017ee pot, po kateri hodimo in \u00a0bogatimo ponudbo vrednosti za nosilce tveganj, nenehno vlagamo v u\u010denje ter dejavno delimo lokalno in globalno strokovno znanje, izku\u0161nje in najbolj\u0161e tr\u017ene prakse.<\/p>\n<p><strong>\u00a0<\/strong>Prizadevamo si za najbolj\u0161e usklajevanje interesov poslovne ponudbe in povpra\u0161evanja. Sodelujemo z zavarovanci, zavarovatelji, pozavarovatelji, posredniki, zdru\u017eenji ter z ostalimi interesnimi dele\u017eniki s podro\u010dja po-zavarovalne panoge.<\/p>\n<ul>\n<li>Organiziramo usposabljanja, delavnice, seminarje, konference in okrogle mize.<\/li>\n<li>Zagotavljamo vpogled v ve\u010dkulturni po-zavarovalni finan\u010dni trg z analizami SWOT.<\/li>\n<li>Izvajamo postopke procesa za kvalitativne ocene tveganja za naravne nesre\u010de \u2013 potres.<\/li>\n<li>Spodbujamo med funkcijsko, vertikalno in horizontalno timsko sodelovanje.<\/li>\n<li>Sodelujemo pri pripravah poslovnih na\u010drtov in spremljamo njihovo uresni\u010devanje.<\/li>\n<li>Razpravljamo o vplivu vodenja in funkcijah mened\u017ementa.<\/li>\n<li>Razvijamo strategije kriznega upravljanja in registra tveganj.<\/li>\n<li>Izmenjujemo spoznanja in razpravljamo o vplivih: Solventnosti II, MSRP 17, modeliranja NAT CAT, avtomatizacije in digitalizacije, metaverse, podnebnih sprememb in ESG (Environmental, Social, Governance), discipline pri sklepanju po-zavarovanj s preglednostjo in kakovostjo podatkov in informacij, inteligen\u010dnega in \u010dustvenega koli\u010dnika, umetne inteligence in strojnega u\u010denja.<\/li>\n<\/ul>\n<p>[\/vc_column_text][\/vc_column][vc_column width=&#8221;1\/3&#8243;][vc_column_text]<\/p>\n<h4>Kontaktirajte nas:<\/h4>\n<p>[\/vc_column_text]\r\n\t\t<div class=\"wpb_raw_code wpb_content_element wpb_raw_html  \">\r\n      <div class=\"wpb_wrapper\">\r\n        \t\r\n              <a href=\"tel:+386 51 392 391\">\r\n                      <svg xmlns=\"http:\/\/www.w3.org\/2000\/svg\" width=\"18\" height=\"18\" viewBox=\"0 0 18 18\"><path id=\"Icon_awesome-phone-alt\" data-name=\"Icon awesome-phone-alt\" d=\"M17.487,12.72l-3.938-1.688a.844.844,0,0,0-.984.243l-1.744,2.13A13.031,13.031,0,0,1,4.591,7.176l2.13-1.744a.842.842,0,0,0,.243-.984L5.277.51A.849.849,0,0,0,4.31.022L.654.865A.844.844,0,0,0,0,1.688,16.311,16.311,0,0,0,16.313,18a.844.844,0,0,0,.823-.654l.844-3.656a.854.854,0,0,0-.493-.97Z\" transform=\"translate(0 0)\" fill=\"#00b333\"\/><\/svg> \r\n                      <span>\r\n                            <span class='hide-mobile'><\/span><span class='inner-contents'>051 392 391<\/span>\r\n              \r\n                      <\/span>\r\n                <\/a>\r\n              <\/div>\r\n    <\/div>\r\n\r\n\t\t\t\t\r\n\t\t<div class=\"wpb_raw_code wpb_content_element wpb_raw_html  \">\r\n      <div class=\"wpb_wrapper\">\r\n             <a href=\"m&#x61;i&#x6c;&#x74;o&#x3a;i&#110;&#x66;o&#x40;r&#101;&#x69;m&#x70;a&#99;&#x74;-&#x72;&#x65;.&#x63;o&#109;\">\r\n                    <svg xmlns=\"http:\/\/www.w3.org\/2000\/svg\" width=\"18\" height=\"14.4\" viewBox=\"0 0 18 14.4\"><path id=\"Icon_material-email\" data-name=\"Icon material-email\" d=\"M19.2,6H4.8A1.8,1.8,0,0,0,3.009,7.8L3,18.6a1.805,1.805,0,0,0,1.8,1.8H19.2A1.805,1.805,0,0,0,21,18.6V7.8A1.805,1.805,0,0,0,19.2,6Zm0,3.6L12,14.1,4.8,9.6V7.8L12,12.3l7.2-4.5Z\" transform=\"translate(-3 -6)\" fill=\"#00b333\"\/><\/svg> \r\n                    <span>\r\n                          <span class='hide-mobile'><\/span><span class='inner-contents'>info&#64;reimpact-re.com<\/span>\r\n            \r\n                    <\/span>\r\n            <\/a>\r\n      <\/div>\r\n    <\/div>\r\n\r\n\t\t\t\r\n\r\n\t  <a class=\"btn  btn-default btn-lg btn0 btn-inquiry\" href=\"https:\/\/www.reimpact-re.com\/sl\/\/kontakt\/?prod=Svetovanje\">Kontaktirajte nas<\/a>\r\n\r\n\t\t[\/vc_column][\/vc_row][vc_row][vc_column][vc_empty_space height=&#8221;15px&#8221;][\/vc_column][\/vc_row][vc_row][vc_column][vc_column_text]<\/p>\n<h3 style=\"text-align: center;\">Dr\u017eimo svoje obljube, vedno!<\/h3>\n<p>[\/vc_column_text][\/vc_column][\/vc_row][vc_row el_class=&#8221;sp-promises&#8221;][vc_column][vc_row_inner equal_height=&#8221;yes&#8221; content_placement=&#8221;middle&#8221; gap=&#8221;15&#8243;][vc_column_inner width=&#8221;1\/6&#8243;][\/vc_column_inner][vc_column_inner el_class=&#8221;sp-grad&#8221; width=&#8221;1\/6&#8243; css=&#8221;.vc_custom_1699970107830{margin-right: 30px !important;margin-left: 30px !important;background-color: #f8f8f8 !important;}&#8221;][vc_column_text]<\/p>\n<p style=\"text-align: center;\"><span style=\"color: #00b333;\">R<\/span><\/p>\n<p>[\/vc_column_text][\/vc_column_inner][vc_column_inner width=&#8221;3\/6&#8243;][vc_column_text]Krepimo odpornost zavarovanja in pozavarovanja[\/vc_column_text][\/vc_column_inner][vc_column_inner width=&#8221;1\/6&#8243;][\/vc_column_inner][\/vc_row_inner][vc_row_inner equal_height=&#8221;yes&#8221; content_placement=&#8221;middle&#8221; gap=&#8221;15&#8243;][vc_column_inner width=&#8221;1\/6&#8243;][\/vc_column_inner][vc_column_inner el_class=&#8221;sp-grad&#8221; width=&#8221;1\/6&#8243; css=&#8221;.vc_custom_1699970111406{margin-right: 30px !important;margin-left: 30px !important;background-color: #f8f8f8 !important;}&#8221;][vc_column_text]<\/p>\n<p style=\"text-align: center;\"><span style=\"color: #00b333;\">E<\/span><\/p>\n<p>[\/vc_column_text][\/vc_column_inner][vc_column_inner width=&#8221;1\/2&#8243;][vc_column_text]Omogo\u010damo varno navigacijo v zapletenem okolju tveganj[\/vc_column_text][\/vc_column_inner][vc_column_inner width=&#8221;1\/6&#8243;][\/vc_column_inner][\/vc_row_inner][vc_row_inner equal_height=&#8221;yes&#8221; content_placement=&#8221;middle&#8221; gap=&#8221;15&#8243;][vc_column_inner width=&#8221;1\/6&#8243;][\/vc_column_inner][vc_column_inner el_class=&#8221;sp-grad&#8221; width=&#8221;1\/6&#8243; css=&#8221;.vc_custom_1699970114613{margin-right: 30px !important;margin-left: 30px !important;background-color: #f8f8f8 !important;}&#8221;][vc_column_text]<\/p>\n<p style=\"text-align: center;\"><span style=\"color: #00b333;\">I<\/span><\/p>\n<p>[\/vc_column_text][\/vc_column_inner][vc_column_inner width=&#8221;1\/2&#8243;][vc_column_text]Vplivamo z navdihujo\u010dimi inovacijami in poslovno integriteto[\/vc_column_text][\/vc_column_inner][vc_column_inner width=&#8221;1\/6&#8243;][\/vc_column_inner][\/vc_row_inner][vc_row_inner equal_height=&#8221;yes&#8221; content_placement=&#8221;middle&#8221; gap=&#8221;15&#8243;][vc_column_inner width=&#8221;1\/6&#8243;][\/vc_column_inner][vc_column_inner el_class=&#8221;sp-grad&#8221; width=&#8221;1\/6&#8243; css=&#8221;.vc_custom_1699970117787{margin-right: 30px !important;margin-left: 30px !important;background-color: #f8f8f8 !important;}&#8221;][vc_column_text]<\/p>\n<p style=\"text-align: center;\"><span style=\"color: #00b333;\">M<\/span><\/p>\n<p>[\/vc_column_text][\/vc_column_inner][vc_column_inner width=&#8221;1\/2&#8243;][vc_column_text]Spo\u0161tujemo ve\u010dkulturnost, usmerjenost v prihodnost, odprto miselnost[\/vc_column_text][\/vc_column_inner][vc_column_inner width=&#8221;1\/6&#8243;][\/vc_column_inner][\/vc_row_inner][vc_row_inner equal_height=&#8221;yes&#8221; content_placement=&#8221;middle&#8221; gap=&#8221;15&#8243;][vc_column_inner width=&#8221;1\/6&#8243;][\/vc_column_inner][vc_column_inner el_class=&#8221;sp-grad&#8221; width=&#8221;1\/6&#8243; css=&#8221;.vc_custom_1699970122993{margin-right: 30px !important;margin-left: 30px !important;background-color: #f8f8f8 !important;}&#8221;][vc_column_text]<\/p>\n<p style=\"text-align: center;\"><span style=\"color: #00b333;\">P<\/span><\/p>\n<p>[\/vc_column_text][\/vc_column_inner][vc_column_inner width=&#8221;1\/2&#8243;][vc_column_text]Razvijamo poslovanje ki temelji na zaupanju in spo\u0161tovanju ter zagotavlja uspe\u0161no delovanje in dolgoro\u010dno partnerstvo[\/vc_column_text][\/vc_column_inner][vc_column_inner width=&#8221;1\/6&#8243;][\/vc_column_inner][\/vc_row_inner][vc_row_inner equal_height=&#8221;yes&#8221; content_placement=&#8221;middle&#8221; gap=&#8221;15&#8243;][vc_column_inner width=&#8221;1\/6&#8243;][\/vc_column_inner][vc_column_inner el_class=&#8221;sp-grad&#8221; width=&#8221;1\/6&#8243; css=&#8221;.vc_custom_1699970126391{margin-right: 30px !important;margin-left: 30px !important;background-color: #f8f8f8 !important;}&#8221;][vc_column_text]<\/p>\n<p style=\"text-align: center;\"><span style=\"color: #00b333;\">A<\/span><\/p>\n<p>[\/vc_column_text][\/vc_column_inner][vc_column_inner width=&#8221;1\/2&#8243;][vc_column_text]Gradimo sposobnost zagotavljanja primerne in ustrezne strukture ozave\u0161\u010danja o tveganjih[\/vc_column_text][\/vc_column_inner][vc_column_inner width=&#8221;1\/6&#8243;][\/vc_column_inner][\/vc_row_inner][vc_row_inner equal_height=&#8221;yes&#8221; content_placement=&#8221;middle&#8221; gap=&#8221;15&#8243;][vc_column_inner width=&#8221;1\/6&#8243;][\/vc_column_inner][vc_column_inner el_class=&#8221;sp-grad&#8221; width=&#8221;1\/6&#8243; css=&#8221;.vc_custom_1699970130723{margin-right: 30px !important;margin-left: 30px !important;background-color: #f8f8f8 !important;}&#8221;][vc_column_text]<\/p>\n<p style=\"text-align: center;\"><span style=\"color: #00b333;\">C<\/span><\/p>\n<p>[\/vc_column_text][\/vc_column_inner][vc_column_inner width=&#8221;1\/2&#8243;][vc_column_text]Smo samozavestni z dosledno usmerjenostjo k zadovoljevanju poslovnih potreb vseh na\u0161ih partnerjev[\/vc_column_text][\/vc_column_inner][vc_column_inner width=&#8221;1\/6&#8243;][\/vc_column_inner][\/vc_row_inner][vc_row_inner equal_height=&#8221;yes&#8221; content_placement=&#8221;middle&#8221; gap=&#8221;15&#8243;][vc_column_inner width=&#8221;1\/6&#8243;][\/vc_column_inner][vc_column_inner el_class=&#8221;sp-grad&#8221; width=&#8221;1\/6&#8243; css=&#8221;.vc_custom_1699970141356{margin-right: 30px !important;margin-left: 30px !important;background-color: #f8f8f8 !important;}&#8221;][vc_column_text]<\/p>\n<p style=\"text-align: center;\"><span style=\"color: #00b333;\">T<\/span><\/p>\n<p>[\/vc_column_text][\/vc_column_inner][vc_column_inner width=&#8221;1\/2&#8243;][vc_column_text]Zanesljivost, transparentnost in delavnost s proaktivnim izvajanjem strategij je na\u0161e vsakodnevno vodilo[\/vc_column_text][\/vc_column_inner][vc_column_inner width=&#8221;1\/6&#8243;][\/vc_column_inner][\/vc_row_inner][vc_row_inner equal_height=&#8221;yes&#8221; content_placement=&#8221;middle&#8221; gap=&#8221;15&#8243;][vc_column_inner width=&#8221;1\/6&#8243;][\/vc_column_inner][vc_column_inner el_class=&#8221;sp-grad&#8221; width=&#8221;1\/6&#8243; css=&#8221;.vc_custom_1699970144729{margin-right: 30px !important;margin-left: 30px !important;background-color: #f8f8f8 !important;}&#8221;][vc_column_text]<\/p>\n<p style=\"text-align: center;\"><span style=\"color: #00b333;\">R<\/span><\/p>\n<p>[\/vc_column_text][\/vc_column_inner][vc_column_inner width=&#8221;1\/2&#8243;][vc_column_text]Odgovornost za spo\u0161tljiv odziv na vse poizvedbe je za\u010detek na\u0161ega vsakdana[\/vc_column_text][\/vc_column_inner][vc_column_inner width=&#8221;1\/6&#8243;][\/vc_column_inner][\/vc_row_inner][vc_row_inner equal_height=&#8221;yes&#8221; content_placement=&#8221;middle&#8221; gap=&#8221;15&#8243;][vc_column_inner width=&#8221;1\/6&#8243;][\/vc_column_inner][vc_column_inner el_class=&#8221;sp-grad&#8221; width=&#8221;1\/6&#8243; css=&#8221;.vc_custom_1699970148329{margin-right: 30px !important;margin-left: 30px !important;background-color: #f8f8f8 !important;}&#8221;][vc_column_text]<\/p>\n<p style=\"text-align: center;\"><span style=\"color: #00b333;\">E<\/span><\/p>\n<p>[\/vc_column_text][\/vc_column_inner][vc_column_inner width=&#8221;1\/2&#8243;][vc_column_text]Obogatitev ter izmenjava lokalnega in globalnega znanja ter izku\u0161enj je na\u0161a dodana vrednost kakor tudi vrednost ki se vra\u010da k nam.[\/vc_column_text][\/vc_column_inner][vc_column_inner width=&#8221;1\/6&#8243;][\/vc_column_inner][\/vc_row_inner][\/vc_column][\/vc_row][vc_row][vc_column][vc_empty_space][vc_empty_space][\/vc_column][\/vc_row]<\/p>\n<\/section>","protected":false},"excerpt":{"rendered":"<p>[vc_row full_width=&#8221;stretch_row&#8221; el_class=&#8221;sp-page-title&#8221;][vc_column][\/vc_column][\/vc_row][vc_row el_class=&#8221;sp-intro&#8221;][vc_column][\/vc_column][\/vc_row][vc_row el_class=&#8221;sp-sidemenu-row&#8221;][vc_column width=&#8221;2\/3&#8243;][vc_column_text] Ponudba dodane vrednosti za svetovanje Kazalnik na\u0161ih storitev z dodano vrednostjo ka\u017ee pot, po kateri hodimo in \u00a0bogatimo ponudbo vrednosti za nosilce tveganj, nenehno vlagamo v u\u010denje ter dejavno delimo lokalno in globalno strokovno znanje, izku\u0161nje in najbolj\u0161e tr\u017ene prakse. \u00a0Prizadevamo si za najbolj\u0161e usklajevanje interesov poslovne ponudbe in [&hellip;]<\/p>\n","protected":false},"author":1,"featured_media":0,"parent":0,"menu_order":4,"comment_status":"closed","ping_status":"closed","template":"","meta":{"footnotes":""},"class_list":["post-1982","page","type-page","status-publish","hentry"],"_links":{"self":[{"href":"https:\/\/www.reimpact-re.com\/sl\/wp-json\/wp\/v2\/pages\/1982","targetHints":{"allow":["GET"]}}],"collection":[{"href":"https:\/\/www.reimpact-re.com\/sl\/wp-json\/wp\/v2\/pages"}],"about":[{"href":"https:\/\/www.reimpact-re.com\/sl\/wp-json\/wp\/v2\/types\/page"}],"author":[{"embeddable":true,"href":"https:\/\/www.reimpact-re.com\/sl\/wp-json\/wp\/v2\/users\/1"}],"replies":[{"embeddable":true,"href":"https:\/\/www.reimpact-re.com\/sl\/wp-json\/wp\/v2\/comments?post=1982"}],"version-history":[{"count":0,"href":"https:\/\/www.reimpact-re.com\/sl\/wp-json\/wp\/v2\/pages\/1982\/revisions"}],"wp:attachment":[{"href":"https:\/\/www.reimpact-re.com\/sl\/wp-json\/wp\/v2\/media?parent=1982"}],"curies":[{"name":"wp","href":"https:\/\/api.w.org\/{rel}","templated":true}]}}